{"id":143,"date":"2016-06-20T07:48:11","date_gmt":"2016-06-20T07:48:11","guid":{"rendered":"http:\/\/sw-themes.com\/porto_dummy\/?page_id=143"},"modified":"2026-01-04T12:17:39","modified_gmt":"2026-01-04T12:17:39","slug":"home","status":"publish","type":"page","link":"https:\/\/www.yastiselim.com.tr\/tr\/","title":{"rendered":"ANA SAYFA"},"content":{"rendered":"<section class=\"wpb-content-wrapper\"><div class=\"vc_row wpb_row top-row home-banner vc_custom_1691395321610 vc_row-has-fill porto-inner-container\"><div class=\"porto-wrap-container container\"><div class=\"row align-items-center\"><div class=\"mb-md-0 mb-4 vc_column_container col-md-8\"><div class=\"wpb_wrapper vc_column-inner\"><h2 style=\"font-size: 1.4em;line-height: 26px;font-weight:600;letter-spacing:-.5px\" class=\"vc_custom_heading d-inline mb-0 m-r-xs align-left\" >Teknolojiyle \u00dcretiyor, Kaliteyle Fark Yarat\u0131yoruz...<\/h2><p style=\"font-size: 1.12em;font-weight:300;letter-spacing:-.5px\" class=\"vc_custom_heading mb-0 vc_custom_1767527568169 align-left\" >Yast\u0131 Selim Makine<\/p><\/div><\/div><div class=\"text-md-right vc_column_container col-md-4 vc_custom_1645944410330\"><div class=\"wpb_wrapper vc_column-inner\"><div class=\"vc_btn3-container  mb-0 font-weight-semibold vc_btn3-inline\" >\r\n\t<a class=\"vc_btn3 vc_btn3-shape-default wpb_custom_6687b26f39488ddbb85ddb3c1ce8e111 btn btn-lg btn-primary\" style=\"letter-spacing:-.5px; padding:1em 1.8em;\" href=\"https:\/\/www.yastiselim.com.tr\/tr\/contact-us\/\" title=\"\u0130LET\u0130\u015e\u0130M\">\u0130leti\u015fim<\/a>\t<\/div>\r\n<\/div><\/div><\/div><\/div><\/div><div class=\"vc_row wpb_row top-row porto-inner-container\"><div class=\"porto-wrap-container container\"><div class=\"row\"><div class=\"vc_column_container col-md-6\"><div class=\"wpb_wrapper vc_column-inner\"><div class=\"vc_empty_space\"   style=\"height: 40px\"><span class=\"vc_empty_space_inner\"><\/span><\/div><h2 style=\"font-size: 25px\" class=\"vc_custom_heading vc_custom_1767527470138 align-left\" ><b>Hakk\u0131m\u0131zda<\/b><\/h2>\n\t<div class=\"wpb_text_column wpb_content_element\" >\n\t\t<div class=\"wpb_wrapper\">\n\t\t\t<p style=\"text-align: justify;\" data-start=\"42\" data-end=\"434\">Yast\u0131 Selim Makine, g\u0131da ve sanayi sekt\u00f6rlerine \u00f6zel y\u00fcksek kaliteli makine \u00fcretimi konusunda uzmanla\u015fm\u0131\u015f bir firmad\u0131r. G\u0131da \u00fcretim kazanlar\u0131ndan paketleme, etiketleme ve kapaklama sistemlerine; boya ve suni deri sanayisine y\u00f6nelik kar\u0131\u015ft\u0131r\u0131c\u0131 kazan, mikser, ezme silindiri ve kurutma sistemlerinden nem alma \u00e7\u00f6z\u00fcmlerine kadar geni\u015f bir \u00fcr\u00fcn yelpazesi sunuyoruz.<\/p>\n<p style=\"text-align: justify;\" data-start=\"436\" data-end=\"723\">M\u00fc\u015fterilerimizin \u00fcretim s\u00fcre\u00e7lerini h\u0131zland\u0131rmak, verimlili\u011fi art\u0131rmak ve kalite standartlar\u0131n\u0131 y\u00fckseltmek bizim \u00f6nceli\u011fimizdir. Modern teknoloji, deneyimli m\u00fchendislik kadrosu ve \u00f6zelle\u015ftirilmi\u015f \u00e7\u00f6z\u00fcmlerimizle, her projeye \u00f6zel yakla\u015f\u0131m sunuyor, g\u00fcvenilir ve uzun \u00f6m\u00fcrl\u00fc makineler \u00fcretiyoruz.<\/p>\n<p style=\"text-align: justify;\" data-start=\"725\" data-end=\"893\">Yast\u0131 Selim Makine olarak amac\u0131m\u0131z, sadece makine \u00fcretmek de\u011fil; m\u00fc\u015fterilerimizin \u00fcretim s\u00fcre\u00e7lerine de\u011fer katmak ve s\u00fcrd\u00fcr\u00fclebilir \u00e7\u00f6z\u00fcmler sunmakt\u0131r.<\/p>\n\n\t\t<\/div>\n\t<\/div>\n<\/div><\/div><div class=\"vc_column_container col-md-6\"><div class=\"wpb_wrapper vc_column-inner\"><div class=\"vc_empty_space\"   style=\"height: 32px\"><span class=\"vc_empty_space_inner\"><\/span><\/div>\r\n\t<div class=\"wpb_single_image wpb_content_element vc_align_center\">\r\n\t\t<div class=\"wpb_wrapper\">\r\n\t\t\t\r\n\t\t\t<div class=\"vc_single_image-wrapper vc_box_shadow_border  vc_box_border_grey\"><img loading=\"lazy\" decoding=\"async\" width=\"1100\" height=\"830\" src=\"https:\/\/www.yastiselim.com.tr\/wp-content\/uploads\/2026\/01\/hakkimizda.jpg\" class=\"vc_single_image-img attachment-full\" alt=\"\" title=\"\" \/><\/div>\r\n\t\t<\/div>\r\n\t<\/div>\r\n<\/div><\/div><\/div><\/div><\/div><div data-vc-full-width=\"true\" data-vc-full-width-init=\"false\" data-vc-parallax=\"\" class=\"vc_row wpb_row top-row vc_custom_1767440158300 section section-default mt-0 mb-0 section-no-borders vc_row-has-fill vc_general vc_parallax vc_parallax-content-moving porto-inner-container\"><div class=\"porto-wrap-container container\"><div class=\"row\"><div class=\"vc_column_container col-md-12 col-lg-12\"><div class=\"wpb_wrapper vc_column-inner\"><h2 style=\"font-size: 25px;text-align: center\" class=\"vc_custom_heading vc_custom_1767527510629\" ><b>Projeler<\/b><\/h2><div class=\"vc_row wpb_row vc_inner row\"><div class=\"vc_column_container col-md-6\"><div class=\"wpb_wrapper vc_column-inner\"><div class=\"porto-image-frame\"><div class=\"thumb-info\"><a href=\"https:\/\/www.yastiselim.com.tr\/tr\/projects\/videos\/\" title=\"V\u0130DEOLAR\" target=\"_self\"><span class=\"thumb-info-wrapper\"><img loading=\"lazy\" decoding=\"async\" alt=\"\" src=\"\/\/www.yastiselim.com.tr\/wp-content\/uploads\/2026\/01\/Videolar.jpg\" class=\"img-responsive\" width=\"900\" height=\"600\"><span class=\"thumb-info-title\"><span class=\"thumb-info-inner\">V\u0130DEOLAR<em><\/em><\/span><span class=\"thumb-info-type\">YASTI SELIM MAKINE<\/span><\/span><span class=\"thumb-info-action\"><span class=\"thumb-info-action-icon\"><i class=\"fas fa-link\"><\/i><\/span><\/span><\/span><\/a><\/div><\/div><\/div><\/div><div class=\"vc_column_container col-md-6\"><div class=\"wpb_wrapper vc_column-inner\"><div class=\"porto-image-frame\"><div class=\"thumb-info\"><a href=\"https:\/\/www.yastiselim.com.tr\/tr\/projects\/photos\/\" title=\"FOTO\u011eRAFLAR\" target=\"_self\"><span class=\"thumb-info-wrapper\"><img loading=\"lazy\" decoding=\"async\" alt=\"\" src=\"\/\/www.yastiselim.com.tr\/wp-content\/uploads\/2026\/01\/Fotograflar.jpg\" class=\"img-responsive\" width=\"900\" height=\"600\"><span class=\"thumb-info-title\"><span class=\"thumb-info-inner\">FOTO\u011eRAFLAR<em><\/em><\/span><span class=\"thumb-info-type\">YASTI SELIM MAKINE<\/span><\/span><span class=\"thumb-info-action\"><span class=\"thumb-info-action-icon\"><i class=\"fas fa-link\"><\/i><\/span><\/span><\/span><\/a><\/div><\/div><\/div><\/div><\/div><\/div><\/div><div class=\"vc_column_container col-md-12\"><div class=\"wpb_wrapper vc_column-inner\"><\/div><\/div><div class=\"vc_column_container col-md-12\"><div class=\"wpb_wrapper vc_column-inner\"><\/div><\/div><\/div><\/div><\/div><div class=\"vc_row-full-width vc_clearfix\"><\/div><div data-vc-full-width=\"true\" data-vc-full-width-init=\"false\" data-vc-stretch-content=\"true\" class=\"vc_row wpb_row row top-row vc_row-no-padding\"><div class=\"vc_column_container col-md-12\"><div class=\"wpb_wrapper vc_column-inner\"><h2 style=\"font-size: 25px;text-align: center\" class=\"vc_custom_heading vc_custom_1767527585442\" ><b>Lokasyon<\/b><\/h2><div class=\"wpb_gmaps_widget wpb_content_element\"><div class=\"wpb_wrapper\"><div class=\"wpb_map_wraper\"><iframe src=\"https:\/\/www.google.com\/maps\/embed?pb=!1m18!1m12!1m3!1d3186.810738106102!2d35.2545846!3d36.9904506!2m3!1f0!2f0!3f0!3m2!1i1024!2i768!4f13.1!3m3!1m2!1s0x152887cbc9b844a7%3A0x18eeb85fecdab9e8!2sYasti%20Selim%20Makina!5e0!3m2!1str!2str!4v1767335028835!5m2!1str!2str\" width=\"600\" height=\"450\" style=\"border:0;\" allowfullscreen=\"\" loading=\"lazy\" referrerpolicy=\"no-referrer-when-downgrade\"><\/iframe><\/div><\/div><\/div><\/div><\/div><\/div><div class=\"vc_row-full-width vc_clearfix\"><\/div>\n<\/section>","protected":false},"excerpt":{"rendered":"Producing with Technology, Standing Out with Quality...Yast\u0131 Selim Makine Contact Us About Us Yast\u0131 Selim Makine is a company specialized in the production of high-quality machinery tailored to the food and industrial sectors. We offer a wide range of products, from food production boilers to packaging, labeling, and capping systems; and from mixing tanks, mixers, [...]","protected":false},"author":1,"featured_media":0,"parent":0,"menu_order":0,"comment_status":"closed","ping_status":"closed","template":"","meta":{"footnotes":""},"class_list":["post-143","page","type-page","status-publish","hentry"],"_links":{"self":[{"href":"https:\/\/www.yastiselim.com.tr\/tr\/wp-json\/wp\/v2\/pages\/143","targetHints":{"allow":["GET"]}}],"collection":[{"href":"https:\/\/www.yastiselim.com.tr\/tr\/wp-json\/wp\/v2\/pages"}],"about":[{"href":"https:\/\/www.yastiselim.com.tr\/tr\/wp-json\/wp\/v2\/types\/page"}],"author":[{"embeddable":true,"href":"https:\/\/www.yastiselim.com.tr\/tr\/wp-json\/wp\/v2\/users\/1"}],"replies":[{"embeddable":true,"href":"https:\/\/www.yastiselim.com.tr\/tr\/wp-json\/wp\/v2\/comments?post=143"}],"version-history":[{"count":65,"href":"https:\/\/www.yastiselim.com.tr\/tr\/wp-json\/wp\/v2\/pages\/143\/revisions"}],"predecessor-version":[{"id":3098,"href":"https:\/\/www.yastiselim.com.tr\/tr\/wp-json\/wp\/v2\/pages\/143\/revisions\/3098"}],"wp:attachment":[{"href":"https:\/\/www.yastiselim.com.tr\/tr\/wp-json\/wp\/v2\/media?parent=143"}],"curies":[{"name":"wp","href":"https:\/\/api.w.org\/{rel}","templated":true}]}}