{"id":2446,"date":"2023-04-09T08:53:05","date_gmt":"2023-04-09T08:53:05","guid":{"rendered":"https:\/\/www.yastiselim.com.tr\/?page_id=2446"},"modified":"2026-01-04T12:12:59","modified_gmt":"2026-01-04T12:12:59","slug":"contact-us","status":"publish","type":"page","link":"https:\/\/www.yastiselim.com.tr\/tr\/contact-us\/","title":{"rendered":"\u0130LET\u0130\u015e\u0130M"},"content":{"rendered":"<section class=\"wpb-content-wrapper\"><div class=\"vc_row wpb_row top-row m-b-xl porto-inner-container\"><div class=\"porto-wrap-container container\"><div class=\"row\"><div class=\"vc_column_container col-md-6\"><div class=\"wpb_wrapper vc_column-inner\"><h4  class=\"vc_custom_heading align-left heading-dark\" ><strong>\u0130leti\u015fim Formu<\/strong><\/h4>\n\t<div class=\"wpb_text_column wpb_content_element\" >\n\t\t<div class=\"wpb_wrapper\">\n\t\t\t<div id=\"quform-0aea69\" class=\"quform quform-1 quform-theme-light quform-support-page-caching\"><form id=\"quform-form-0aea69\" class=\"quform-form quform-form-1\" action=\"\/tr\/wp-json\/wp\/v2\/pages\/2446#quform-0aea69\" method=\"post\" enctype=\"multipart\/form-data\" novalidate=\"novalidate\" data-options=\"{&quot;id&quot;:1,&quot;uniqueId&quot;:&quot;0aea69&quot;,&quot;theme&quot;:&quot;light&quot;,&quot;ajax&quot;:true,&quot;logic&quot;:{&quot;logic&quot;:[],&quot;dependents&quot;:[],&quot;elementIds&quot;:[],&quot;dependentElementIds&quot;:[],&quot;animate&quot;:true},&quot;currentPageId&quot;:1,&quot;errorsIcon&quot;:&quot;&quot;,&quot;updateFancybox&quot;:true,&quot;hasPages&quot;:false,&quot;pages&quot;:[1],&quot;pageProgressType&quot;:&quot;numbers&quot;,&quot;tooltipsEnabled&quot;:true,&quot;tooltipClasses&quot;:&quot;qtip-quform-dark qtip-shadow&quot;,&quot;tooltipMy&quot;:&quot;left center&quot;,&quot;tooltipAt&quot;:&quot;right center&quot;,&quot;isRtl&quot;:false,&quot;scrollOffset&quot;:-50,&quot;scrollSpeed&quot;:800}\" data-trp-original-action=\"\/tr\/wp-json\/wp\/v2\/pages\/2446#quform-0aea69\"><button class=\"quform-default-submit\" name=\"quform_submit\" type=\"submit\" value=\"submit\" aria-hidden=\"true\" tabindex=\"-1\"><\/button><div class=\"quform-form-inner quform-form-inner-1\"><input type=\"hidden\" name=\"quform_form_id\" value=\"1\" \/><input type=\"hidden\" name=\"quform_form_uid\" value=\"0aea69\" \/><input type=\"hidden\" name=\"quform_count\" value=\"1\" \/><input type=\"hidden\" name=\"form_url\" value=\"https:\/\/www.yastiselim.com.tr\/tr\/wp-json\/wp\/v2\/pages\/2446\" \/><input type=\"hidden\" name=\"referring_url\" value=\"\" \/><input type=\"hidden\" name=\"post_id\" value=\"\" \/><input type=\"hidden\" name=\"post_title\" value=\"\" \/><input type=\"hidden\" name=\"quform_current_page_id\" value=\"1\" \/><input type=\"hidden\" name=\"quform_csrf_token\" value=\"a0mvXBQhuigAHV7uPQMzW1jWK8j042jfWitUrOmm\" \/><div class=\"quform-elements quform-elements-1 quform-cf quform-responsive-elements-phone-landscape\"><div class=\"quform-element quform-element-page quform-page-1 quform-page-1_1 quform-cf quform-group-style-plain quform-first-page quform-last-page quform-current-page\"><div class=\"quform-child-elements\"><div class=\"quform-element quform-element-text quform-element-1_12 quform-cf quform-labels-inside quform-element-required\"><div class=\"quform-spacer\"><div class=\"quform-label quform-label-1_12\"><span class=\"quform-label-icon\"><i class=\"fa fa-user\"><\/i><\/span><label class=\"quform-label-text\" for=\"quform_1_12_0aea69\">Ad\u0131n\u0131z Soyad\u0131n\u0131z<span class=\"quform-required\">*<\/span><\/label><\/div><div class=\"quform-inner quform-inner-text quform-inner-1_12\"><div class=\"quform-input quform-input-text quform-input-1_12 quform-cf\"><input type=\"text\" id=\"quform_1_12_0aea69\" name=\"quform_1_12\" class=\"quform-field quform-field-text quform-field-1_12\" \/><\/div><\/div><\/div><\/div><div class=\"quform-element quform-element-row quform-element-row-1_4 quform-2-columns quform-element-row-size-fixed quform-responsive-columns-phone-landscape\"><div class=\"quform-element quform-element-column quform-element-1_5\"><div class=\"quform-element quform-element-email quform-element-1_7 quform-cf quform-labels-inside quform-element-required\"><div class=\"quform-spacer\"><div class=\"quform-label quform-label-1_7\"><span class=\"quform-label-icon\"><i class=\"fa fa-envelope\"><\/i><\/span><label class=\"quform-label-text\" for=\"quform_1_7_0aea69\">Email Adresiniz<span class=\"quform-required\">*<\/span><\/label><\/div><div class=\"quform-inner quform-inner-email quform-inner-1_7\"><div class=\"quform-input quform-input-email quform-input-1_7 quform-cf\"><input type=\"email\" id=\"quform_1_7_0aea69\" name=\"quform_1_7\" class=\"quform-field quform-field-email quform-field-1_7\" \/><\/div><\/div><\/div><\/div><\/div><div class=\"quform-element quform-element-column quform-element-1_6\"><div class=\"quform-element quform-element-text quform-element-1_8 quform-cf quform-labels-inside quform-element-optional\"><div class=\"quform-spacer\"><div class=\"quform-label quform-label-1_8\"><span class=\"quform-label-icon\"><i class=\"fa fa-phone\"><\/i><\/span><label class=\"quform-label-text\" for=\"quform_1_8_0aea69\">Telefon Numaran\u0131z<\/label><\/div><div class=\"quform-inner quform-inner-text quform-inner-1_8\"><div class=\"quform-input quform-input-text quform-input-1_8 quform-cf\"><input type=\"text\" id=\"quform_1_8_0aea69\" name=\"quform_1_8\" class=\"quform-field quform-field-text quform-field-1_8\" \/><\/div><\/div><\/div><\/div><\/div><\/div><div class=\"quform-element quform-element-textarea quform-element-1_9 quform-cf quform-labels-inside quform-element-required\"><div class=\"quform-spacer\"><div class=\"quform-label quform-label-1_9\"><span class=\"quform-label-icon\"><i class=\"fa fa-pencil-square-o\"><\/i><\/span><label class=\"quform-label-text\" for=\"quform_1_9_0aea69\">Mesaj\u0131n\u0131z<span class=\"quform-required\">*<\/span><\/label><\/div><div class=\"quform-inner quform-inner-textarea quform-inner-1_9\"><div class=\"quform-input quform-input-textarea quform-input-1_9 quform-cf\"><textarea id=\"quform_1_9_0aea69\" name=\"quform_1_9\" class=\"quform-field quform-field-textarea quform-field-1_9\"><\/textarea><\/div><\/div><\/div><\/div><div class=\"quform-element quform-element-captcha quform-element-1_14 quform-cf quform-labels-inside quform-element-required\"><div class=\"quform-spacer\"><div class=\"quform-label quform-label-1_14\"><label class=\"quform-label-text\" for=\"quform_1_14_0aea69\">L\u00fctfen karakterleri yaz\u0131n\u0131z<span class=\"quform-required\">*<\/span><\/label><\/div><div class=\"quform-inner quform-inner-captcha quform-inner-1_14\"><div class=\"quform-input quform-input-captcha quform-input-1_14 quform-cf\"><input type=\"text\" id=\"quform_1_14_0aea69\" name=\"quform_1_14\" class=\"quform-field quform-field-captcha quform-field-1_14\" \/><\/div><div class=\"quform-captcha quform-cf\"><div class=\"quform-captcha-image quform-captcha-image-1_14\"><img loading=\"lazy\" decoding=\"async\" class=\"quform-captcha-image-img\" src=\"data:image\/png;base64,iVBORw0KGgoAAAANSUhEUgAAAOYAAABQBAMAAAD\/1xTgAAAAG1BMVEX\/\/\/8iIiLHx8eQkJB0dHTj4+M9PT2srKxZWVma6mW1AAAACXBIWXMAAA7EAAAOxAGVKw4bAAADfElEQVRoge1Xz1PaQBReEpJw7BNKORqs7dUodjzKgLVHsYo9ik6pR2lp7ZEMavmz+\/ZHdl+k1g3OZKbT\/S6BN9n9dt+P770w5uDg4ODg4PDPwev0t0umPBkBwJdSKasgcFciZZBKzuZReZw1pOt10L2fy+PsQvOaMR+gVRqlpy6YAFyXxYmuXefPEOC8LM6K8mkEsFYWZwx18QwAGs\/eLLILzwReyR+YviuweJ3FrdGwkV0eTtQ9kROKV6jPJQwuswOo3HgKsYonvl88cb2R1JOLYpwDdT2ugFtFOSegoE6b2oUHa2WWLd8vSIl5B732RqpTPvputQ5rpIUXPeGnnRH7x3u46n0ze3hp8\/C43W7f3HzVtqrsDOhhdb+zjt2xMSSNnffInONUzcakVQU0tDCHyqlDFUf01UsrzqHaaUY5A5UcJicGhlMXBHKKQvNVKoxsdUXlXp3ReNay\/fU9H+EUTvUUZ\/cqK\/an4PN9GkcezdsY4IBtPMJZJysblBOL3FbLzj5wKfFpcSViMbpdW5BzfLVYLIDGLJHhMEsthYixY3GZkBBgU10Te5l6q0i3VWmMWbApHkP9Xkr2+Bt8uVuX+iURDoxIH69Il6Z\/SBPMiLpeZ6efiTiln8vzgYhQQI5REb9rsCxvXmqyb2InfkxUNJ\/EiPShUsAhY68PCGdLvnXxYPl0RAbVgaV+4pr5zuhB++RS2NolBsE5XBoPz\/jUOCfKsW\/FmagSoG9\/O53SJsW479eEUuSmw2CPM24aQ2g54Kj6p4N8FWPr7eUHbczupWvicefrLLfwhRUnZiziF7WEIjnRbzl\/q2uaIH8CkO7XB\/EtBZcFnUUv34QkJ\/cAvdYb0YIiU7Qp3J3yZ6Izx7MVv2WEcmmUKwxPdruqPgiWV8r94xk5DIwwFucUTaqW44yluhvOUH1b+USXVx8esVk2t0WxG1ukUttwKtm\/pqOUteAuIc5aCDn1RP0znHH2zs+R4Ax2nsOZlSypRn5NkSk1yrngzfdyKk0h7Aer+zaGS3mFI2KCxinOQ2+72uEYgZnXNW08hvMfq3+AhLCFMxjcrhtTNqxwKFOV53HQ1f4YPFSzQgjaSxZY5sT6xENx0qYekZ\/\/zUNAOTOPy3E2mPZV1r5rzu3apyUSQ7nKt9RKiO7H4zHOQ7f9\/u7Tbzs4ODg4ODg4OPzH+A3Z44\/6oD3JZAAAAABJRU5ErkJggg==\" alt=\"CAPTCHA Resmi\" data-element-id=\"14\" width=\"115\" height=\"40\" \/><\/div><\/div><\/div><\/div><\/div><div class=\"quform-element quform-element-submit quform-element-1_2 quform-cf quform-button-style-theme quform-button-size-medium quform-button-width-medium\"><div class=\"quform-button-submit quform-button-submit-default quform-button-submit-1_2\" data-animation=\"one\"><button name=\"quform_submit\" type=\"submit\" class=\"quform-submit\" value=\"submit\"><span class=\"quform-button-text quform-button-submit-text\">G\u00f6nder<\/span><\/button><\/div><div class=\"quform-loading quform-loading-position-left quform-loading-type-spinner-1\"><div class=\"quform-loading-inner\"><div class=\"quform-loading-spinner\"><div class=\"quform-loading-spinner-inner\"><\/div><\/div><\/div><\/div><\/div><div class=\"quform-element-tree\"><label for=\"quform_1_0_0aea69\">Bu alan bo\u015f b\u0131rak\u0131lmal\u0131d\u0131r<\/label><input type=\"text\" id=\"quform_1_0_0aea69\" name=\"quform_1_0\" class=\"quform-field quform-field-tree quform-field-1_0\" tabindex=\"-1\" autocomplete=\"off\" \/><\/div><\/div><\/div><\/div><\/div><input type=\"hidden\" name=\"trp-form-language\" value=\"tr\"\/><\/form><\/div>\n\n\t\t<\/div>\n\t<\/div>\n<\/div><\/div><div class=\"info-box-small vc_column_container col-md-6\"><div class=\"wpb_wrapper vc_column-inner\"><h4  class=\"vc_custom_heading align-left heading-dark\" ><strong>\u0130leti\u015fim Bilgileri<\/strong><\/h4><div class=\"porto-sicon-box  wpb_custom_1efe903570d178ff0a9b7bfa5febd3a4 style_1 default-icon\"><div class=\"porto-sicon-default\"><div class=\"porto-just-icon-wrapper porto-icon none\" style=\"color:#06617c;font-size:20px;\"><i class=\"fas fa-map-marker-alt\"><\/i><\/div><\/div><div class=\"porto-sicon-header\"><p><strong>Adres:<\/strong> Ova Mh. 44374 Sk. Modern Sanayi Sitesi A Blok No: 3\/D  Seyhan\/Adana\/T\u00dcRK\u0130YE<\/p><\/div> <!-- header --><\/div><!-- porto-sicon-box --><div class=\"porto-sicon-box  wpb_custom_1efe903570d178ff0a9b7bfa5febd3a4 style_1 default-icon\"><div class=\"porto-sicon-default\"><div class=\"porto-just-icon-wrapper porto-icon none\" style=\"color:#06617c;font-size:20px;\"><i class=\"fas fa-mobile\"><\/i><\/div><\/div><div class=\"porto-sicon-header\"><p><strong>Telefon:<\/strong>: +90 (530) 528 02 24<\/p><\/div> <!-- header --><\/div><!-- porto-sicon-box --><div class=\"porto-sicon-box  wpb_custom_1efe903570d178ff0a9b7bfa5febd3a4 style_1 default-icon\"><div class=\"porto-sicon-default\"><div class=\"porto-just-icon-wrapper porto-icon none\" style=\"color:#06617c;font-size:20px;\"><i class=\"fas fa-mobile\"><\/i><\/div><\/div><div class=\"porto-sicon-header\"><p><strong>Telefon:<\/strong>: +90 (533) 689 93 11<\/p><\/div> <!-- header --><\/div><!-- porto-sicon-box --><div class=\"porto-sicon-box  wpb_custom_1efe903570d178ff0a9b7bfa5febd3a4 style_1 default-icon\"><div class=\"porto-sicon-default\"><div class=\"porto-just-icon-wrapper porto-icon none\" style=\"color:#06617c;font-size:20px;\"><i class=\"fas fa-envelope\"><\/i><\/div><\/div><div class=\"porto-sicon-header\"><p><strong>Email<\/strong>: info@yastiselim.com.tr<\/p><\/div> <!-- header --><\/div><!-- porto-sicon-box --><\/div><\/div><\/div><\/div><\/div><div data-vc-full-width=\"true\" data-vc-full-width-init=\"false\" data-vc-stretch-content=\"true\" class=\"vc_row wpb_row row top-row vc_row-no-padding\"><div class=\"vc_column_container col-md-12\"><div class=\"wpb_wrapper vc_column-inner\"><div class=\"wpb_gmaps_widget wpb_content_element\"><div class=\"wpb_wrapper\"><div class=\"wpb_map_wraper\"><iframe src=\"https:\/\/www.google.com\/maps\/embed?pb=!1m18!1m12!1m3!1d3186.810738106102!2d35.2545846!3d36.9904506!2m3!1f0!2f0!3f0!3m2!1i1024!2i768!4f13.1!3m3!1m2!1s0x152887cbc9b844a7%3A0x18eeb85fecdab9e8!2sYasti%20Selim%20Makina!5e0!3m2!1str!2str!4v1767335028835!5m2!1str!2str\" width=\"600\" height=\"450\" style=\"border:0;\" allowfullscreen=\"\" loading=\"lazy\" referrerpolicy=\"no-referrer-when-downgrade\"><\/iframe><\/div><\/div><\/div><\/div><\/div><\/div><div class=\"vc_row-full-width vc_clearfix\"><\/div>\n<\/section>","protected":false},"excerpt":{"rendered":"Contact Form Name &amp; Surname*Email Address*Phone NumberMessage*Please type the characters.*G\u00f6nderBu alan bo\u015f b\u0131rak\u0131lmal\u0131d\u0131r Contact DetailAddress: Ova Mh. 44374 Sk. Modern Sanayi Sitesi A Blok No: 3\/D Seyhan\/Adana\/T\u00dcRK\u0130YE Phone: +90 (530) 528 02 24 Phone: +90 (533) 689 93 11 Email: info@yastiselim.com.tr","protected":false},"author":1,"featured_media":0,"parent":0,"menu_order":0,"comment_status":"closed","ping_status":"closed","template":"","meta":{"footnotes":""},"class_list":["post-2446","page","type-page","status-publish","hentry"],"_links":{"self":[{"href":"https:\/\/www.yastiselim.com.tr\/tr\/wp-json\/wp\/v2\/pages\/2446","targetHints":{"allow":["GET"]}}],"collection":[{"href":"https:\/\/www.yastiselim.com.tr\/tr\/wp-json\/wp\/v2\/pages"}],"about":[{"href":"https:\/\/www.yastiselim.com.tr\/tr\/wp-json\/wp\/v2\/types\/page"}],"author":[{"embeddable":true,"href":"https:\/\/www.yastiselim.com.tr\/tr\/wp-json\/wp\/v2\/users\/1"}],"replies":[{"embeddable":true,"href":"https:\/\/www.yastiselim.com.tr\/tr\/wp-json\/wp\/v2\/comments?post=2446"}],"version-history":[{"count":19,"href":"https:\/\/www.yastiselim.com.tr\/tr\/wp-json\/wp\/v2\/pages\/2446\/revisions"}],"predecessor-version":[{"id":3097,"href":"https:\/\/www.yastiselim.com.tr\/tr\/wp-json\/wp\/v2\/pages\/2446\/revisions\/3097"}],"wp:attachment":[{"href":"https:\/\/www.yastiselim.com.tr\/tr\/wp-json\/wp\/v2\/media?parent=2446"}],"curies":[{"name":"wp","href":"https:\/\/api.w.org\/{rel}","templated":true}]}}