{"id":2777,"date":"2023-09-09T11:01:31","date_gmt":"2023-09-09T11:01:31","guid":{"rendered":"https:\/\/www.yastiselim.com.tr\/?page_id=2777"},"modified":"2026-01-04T11:57:05","modified_gmt":"2026-01-04T11:57:05","slug":"vision-mission","status":"publish","type":"page","link":"https:\/\/www.yastiselim.com.tr\/tr\/vision-mission\/","title":{"rendered":"V\u0130ZYON &amp; M\u0130SYON"},"content":{"rendered":"<section class=\"wpb-content-wrapper\"><div class=\"vc_row wpb_row row top-row\"><div class=\"vc_column_container col-md-6\"><div class=\"wpb_wrapper vc_column-inner\"><h2  class=\"vc_custom_heading align-left\" >V\u0130ZYONUMUZ<\/h2><div class=\"porto-separator\"><hr class=\"separator-line  align_center\" style=\"background-image: -webkit-linear-gradient(left, transparent, grey, transparent); background-image: linear-gradient(to right, transparent, grey, transparent);\"><\/div>\n\t<div class=\"wpb_text_column wpb_content_element\" >\n\t\t<div class=\"wpb_wrapper\">\n\t\t\t<p style=\"text-align: justify;\" data-start=\"51\" data-end=\"501\">Yast\u0131 Selim Makine olarak vizyonumuz; g\u0131da ve sanayi makineleri imalat\u0131nda kalite, dayan\u0131kl\u0131l\u0131k ve m\u00fchendislik g\u00fcc\u00fcyle \u00f6ne \u00e7\u0131kan, sekt\u00f6r\u00fcn ihtiya\u00e7lar\u0131n\u0131 yak\u0131ndan takip eden ve s\u00fcrekli geli\u015fen bir marka olmakt\u0131r. \u00dcretim s\u00fcre\u00e7lerinde yenilik\u00e7i teknolojileri kullanarak, g\u0131da, boya ve suni deri sanayilerinde faaliyet g\u00f6steren firmalara y\u00fcksek verimlilik sa\u011flayan \u00e7\u00f6z\u00fcmler sunmay\u0131 hedefliyoruz.<\/p>\n<p style=\"text-align: justify;\" data-start=\"503\" data-end=\"881\">Sadece bug\u00fcn\u00fcn ihtiya\u00e7lar\u0131na de\u011fil, gelece\u011fin \u00fcretim standartlar\u0131na da uyum sa\u011flayan makineler geli\u015ftirerek; g\u00fcvenilir, s\u00fcrd\u00fcr\u00fclebilir ve \u00e7evreye duyarl\u0131 \u00fcretim anlay\u0131\u015f\u0131n\u0131 benimseyen \u00f6nc\u00fc firmalar aras\u0131nda yer almak temel vizyonumuzdur. M\u00fc\u015fteri memnuniyetini merkeze alan yakla\u015f\u0131m\u0131m\u0131zla, ulusal ve uluslararas\u0131 pazarda tercih edilen bir makine \u00fcreticisi olmay\u0131 ama\u00e7l\u0131yoruz.<\/p>\n\n\t\t<\/div>\n\t<\/div>\n<\/div><\/div><div class=\"vc_column_container col-md-6\"><div class=\"wpb_wrapper vc_column-inner\"><h2  class=\"vc_custom_heading align-left\" >M\u0130SYONUMUZ<\/h2><div class=\"porto-separator\"><hr class=\"separator-line  align_center\" style=\"background-image: -webkit-linear-gradient(left, transparent, grey, transparent); background-image: linear-gradient(to right, transparent, grey, transparent);\"><\/div>\n\t<div class=\"wpb_text_column wpb_content_element\" >\n\t\t<div class=\"wpb_wrapper\">\n\t\t\t<p style=\"text-align: justify;\" data-start=\"57\" data-end=\"373\">Misyonumuz; g\u0131da sanayi \u00fcretim kazanlar\u0131, paketleme, etiketleme ve kapaklama sistemleri ile boya ve suni deri sanayisine y\u00f6nelik kar\u0131\u015ft\u0131r\u0131c\u0131 kazanlar, mikserler, ezme silindirleri ve kurutma\u2013nem alma sistemleri ba\u015fta olmak \u00fczere, sanayinin farkl\u0131 alanlar\u0131na y\u00f6nelik y\u00fcksek kaliteli makineler \u00fcretmektir.<\/p>\n<p style=\"text-align: justify;\" data-start=\"375\" data-end=\"674\">Her projede m\u00fc\u015fteri ihtiya\u00e7lar\u0131n\u0131 detayl\u0131 \u015fekilde analiz ederek, \u00fcretim s\u00fcre\u00e7lerini kolayla\u015ft\u0131ran, zaman ve maliyet avantaj\u0131 sa\u011flayan \u00f6zel \u00e7\u00f6z\u00fcmler sunar\u0131z. \u00dcretimini ger\u00e7ekle\u015ftirdi\u011fimiz t\u00fcm makinelerde; sa\u011flaml\u0131k, i\u015f g\u00fcvenli\u011fi, enerji verimlili\u011fi ve uzun \u00f6m\u00fcrl\u00fc kullan\u0131m temel \u00f6nceliklerimizdir.<\/p>\n<p style=\"text-align: justify;\" data-start=\"676\" data-end=\"959\">Yast\u0131 Selim Makine olarak, teknik bilgi birikimimiz ve tecr\u00fcbemizle m\u00fc\u015fterilerimizin \u00fcretim g\u00fcc\u00fcn\u00fc art\u0131rmay\u0131, sat\u0131\u015f sonras\u0131 destek anlay\u0131\u015f\u0131m\u0131zla uzun soluklu i\u015f birlikleri kurmay\u0131 ve sanayiye de\u011fer katan \u00e7\u00f6z\u00fcmler \u00fcretmeyi misyon edinmekteyiz.<\/p>\n\n\t\t<\/div>\n\t<\/div>\n<\/div><\/div><\/div>\n<\/section>","protected":false},"excerpt":{"rendered":"OUR VISION As Yast\u0131 Selim Makine, our vision is to become a continuously evolving brand that stands out in the manufacturing of food and industrial machinery through quality, durability, and strong engineering expertise. By closely following the needs of the industry and utilizing innovative technologies in our production processes, we aim to deliver high-efficiency solutions [...]","protected":false},"author":1,"featured_media":0,"parent":0,"menu_order":0,"comment_status":"closed","ping_status":"closed","template":"","meta":{"footnotes":""},"class_list":["post-2777","page","type-page","status-publish","hentry"],"_links":{"self":[{"href":"https:\/\/www.yastiselim.com.tr\/tr\/wp-json\/wp\/v2\/pages\/2777","targetHints":{"allow":["GET"]}}],"collection":[{"href":"https:\/\/www.yastiselim.com.tr\/tr\/wp-json\/wp\/v2\/pages"}],"about":[{"href":"https:\/\/www.yastiselim.com.tr\/tr\/wp-json\/wp\/v2\/types\/page"}],"author":[{"embeddable":true,"href":"https:\/\/www.yastiselim.com.tr\/tr\/wp-json\/wp\/v2\/users\/1"}],"replies":[{"embeddable":true,"href":"https:\/\/www.yastiselim.com.tr\/tr\/wp-json\/wp\/v2\/comments?post=2777"}],"version-history":[{"count":8,"href":"https:\/\/www.yastiselim.com.tr\/tr\/wp-json\/wp\/v2\/pages\/2777\/revisions"}],"predecessor-version":[{"id":3089,"href":"https:\/\/www.yastiselim.com.tr\/tr\/wp-json\/wp\/v2\/pages\/2777\/revisions\/3089"}],"wp:attachment":[{"href":"https:\/\/www.yastiselim.com.tr\/tr\/wp-json\/wp\/v2\/media?parent=2777"}],"curies":[{"name":"wp","href":"https:\/\/api.w.org\/{rel}","templated":true}]}}