{"id":3076,"date":"2026-01-03T12:14:03","date_gmt":"2026-01-03T12:14:03","guid":{"rendered":"https:\/\/www.yastiselim.com.tr\/?page_id=3076"},"modified":"2026-01-04T12:06:23","modified_gmt":"2026-01-04T12:06:23","slug":"our-services","status":"publish","type":"page","link":"https:\/\/www.yastiselim.com.tr\/tr\/our-services\/","title":{"rendered":"H\u0130ZMETLER\u0130M\u0130Z"},"content":{"rendered":"<section class=\"wpb-content-wrapper\"><div class=\"vc_row wpb_row row top-row\"><div class=\"vc_column_container col-md-12\"><div class=\"wpb_wrapper vc_column-inner\">\n\t<div class=\"wpb_text_column wpb_content_element\" >\n\t\t<div class=\"wpb_wrapper\">\n\t\t\t<p data-start=\"54\" data-end=\"356\">Yast\u0131 Selim Makine olarak; g\u0131da, boya ve suni deri sanayilerine y\u00f6nelik \u00f6zel makine imalat\u0131 ve otomasyon \u00e7\u00f6z\u00fcmleri sunuyoruz. \u00dcretim s\u00fcre\u00e7lerini h\u0131zland\u0131ran, verimlili\u011fi art\u0131ran ve uzun \u00f6m\u00fcrl\u00fc kullan\u0131m sa\u011flayan makinelerimizle sanayiye de\u011fer kat\u0131yoruz.<\/p>\n<hr data-start=\"358\" data-end=\"361\" \/>\n<h3 data-start=\"363\" data-end=\"408\"><strong data-start=\"367\" data-end=\"408\">G\u0131da Sanayi Makine \u0130malat\u0131<\/strong><\/h3>\n<p data-start=\"410\" data-end=\"520\">G\u0131da \u00fcretim s\u00fcre\u00e7lerine uygun, hijyen standartlar\u0131na sahip makineler tasarl\u0131yor ve \u00fcretiyoruz.<\/p>\n<ul data-start=\"522\" data-end=\"614\">\n<li data-start=\"522\" data-end=\"549\">\n<p data-start=\"524\" data-end=\"549\">G\u0131da \u00fcretim kazanlar\u0131<\/p>\n<\/li>\n<li data-start=\"550\" data-end=\"572\">\n<p data-start=\"552\" data-end=\"572\">Paketleme makineleri<\/p>\n<\/li>\n<li data-start=\"573\" data-end=\"593\">\n<p data-start=\"575\" data-end=\"593\">Etiketleme sistemleri<\/p>\n<\/li>\n<li data-start=\"594\" data-end=\"614\">\n<p data-start=\"596\" data-end=\"614\">Kapaklama makineleri<\/p>\n<\/li>\n<\/ul>\n<p data-start=\"616\" data-end=\"706\">\u00dcretim hatt\u0131n\u0131za \u00f6zel \u00e7\u00f6z\u00fcmlerle, g\u00fcvenli ve verimli g\u0131da \u00fcretimini destekliyoruz.<\/p>\n<hr data-start=\"708\" data-end=\"711\" \/>\n<h3 data-start=\"713\" data-end=\"768\"><strong data-start=\"717\" data-end=\"768\">Boya ve Suni Deri Sanayi Makineleri<\/strong><\/h3>\n<p data-start=\"770\" data-end=\"885\">Boya ve suni deri \u00fcretim s\u00fcre\u00e7lerine y\u00f6nelik dayan\u0131kl\u0131 ve y\u00fcksek performansl\u0131 makineler imal ediyoruz.<\/p>\n<ul data-start=\"887\" data-end=\"953\">\n<li data-start=\"887\" data-end=\"909\">\n<p data-start=\"889\" data-end=\"909\">Boya kar\u0131\u015ft\u0131r\u0131c\u0131 kazanlar<\/p>\n<\/li>\n<li data-start=\"910\" data-end=\"926\">\n<p data-start=\"912\" data-end=\"926\">Boya mikserleri<\/p>\n<\/li>\n<li data-start=\"927\" data-end=\"953\">\n<p data-start=\"929\" data-end=\"953\">Boya ezme silindirleri<\/p>\n<\/li>\n<\/ul>\n<p data-start=\"955\" data-end=\"1059\">Homojen kar\u0131\u015f\u0131m, stabil \u00fcretim ve y\u00fcksek kalite hedefiyle \u00f6zel \u00e7\u00f6z\u00fcmler sunuyoruz.<\/p>\n<hr data-start=\"1061\" data-end=\"1064\" \/>\n<h3 data-start=\"1066\" data-end=\"1109\"><strong data-start=\"1070\" data-end=\"1109\">Kurutma ve Nem Alma Sistemleri<\/strong><\/h3>\n<p data-start=\"1111\" data-end=\"1205\">G\u0131da ve sanayi \u00fcr\u00fcnlerinin kurutulmas\u0131 ve nemin kontrol alt\u0131na al\u0131nmas\u0131na y\u00f6nelik sistemler geli\u015ftiriyoruz.<\/p>\n<ul data-start=\"1207\" data-end=\"1288\">\n<li data-start=\"1207\" data-end=\"1236\">\n<p data-start=\"1209\" data-end=\"1236\">End\u00fcstriyel kurutma sistemleri<\/p>\n<\/li>\n<li data-start=\"1237\" data-end=\"1288\">\n<p data-start=\"1239\" data-end=\"1288\">Nem alma ve kontrol \u00e7\u00f6z\u00fcmleri<\/p>\n<\/li>\n<\/ul>\n<p data-start=\"1290\" data-end=\"1371\">\u00dcr\u00fcn kalitesini koruyan, enerji verimlili\u011fi sa\u011flayan sistemler tasarl\u0131yoruz.<\/p>\n<hr data-start=\"1373\" data-end=\"1376\" \/>\n<h3 data-start=\"1378\" data-end=\"1425\"><strong data-start=\"1382\" data-end=\"1425\">\u00d6zel Makine Tasar\u0131m ve \u0130malat\u0131<\/strong><\/h3>\n<p data-start=\"1427\" data-end=\"1545\">Standart \u00e7\u00f6z\u00fcmlerin d\u0131\u015f\u0131nda, m\u00fc\u015fteri ihtiya\u00e7lar\u0131na \u00f6zel makine tasar\u0131m\u0131 ve \u00fcretimi ger\u00e7ekle\u015ftiriyoruz.<\/p>\n<ul data-start=\"1547\" data-end=\"1672\">\n<li data-start=\"1547\" data-end=\"1589\">\n<p data-start=\"1549\" data-end=\"1589\">Projeye \u00f6zel m\u00fchendislik \u00e7\u00f6z\u00fcmleri<\/p>\n<\/li>\n<li data-start=\"1590\" data-end=\"1638\">\n<p data-start=\"1592\" data-end=\"1638\">\u00dcretim hatt\u0131na uygun makine tasar\u0131m\u0131<\/p>\n<\/li>\n<li data-start=\"1639\" data-end=\"1672\">\n<p data-start=\"1641\" data-end=\"1672\">Anahtar teslim makine imalat\u0131<\/p>\n<\/li>\n<\/ul>\n<p data-start=\"1674\" data-end=\"1752\">Her projede maksimum verim ve uzun \u00f6m\u00fcrl\u00fc kullan\u0131m hedefliyoruz.<\/p>\n<hr data-start=\"1754\" data-end=\"1757\" \/>\n<h3 data-start=\"1759\" data-end=\"1797\"><strong data-start=\"1763\" data-end=\"1797\">Otomasyon ve Kontrol Sistemleri<\/strong><\/h3>\n<p data-start=\"1799\" data-end=\"1888\">\u00dcretim s\u00fcre\u00e7lerini daha kontroll\u00fc ve verimli hale getiren otomasyon sistemleri sunuyoruz.<\/p>\n<ul data-start=\"1890\" data-end=\"1988\">\n<li data-start=\"1890\" data-end=\"1920\">\n<p data-start=\"1892\" data-end=\"1920\">\u00dcretim hatt\u0131 otomasyonu<\/p>\n<\/li>\n<li data-start=\"1921\" data-end=\"1953\">\n<p data-start=\"1923\" data-end=\"1953\">Mod\u00fcler otomasyon \u00e7\u00f6z\u00fcmleri<\/p>\n<\/li>\n<li data-start=\"1954\" data-end=\"1988\">\n<p data-start=\"1956\" data-end=\"1988\">Kontrol ve izleme sistemleri<\/p>\n<\/li>\n<\/ul>\n<hr data-start=\"1990\" data-end=\"1993\" \/>\n<h3 data-start=\"1995\" data-end=\"2032\"><strong data-start=\"1999\" data-end=\"2032\">Teknik Servis ve Destek<\/strong><\/h3>\n<p data-start=\"2034\" data-end=\"2121\">Sat\u0131\u015f sonras\u0131 destek hizmetlerimizle her zaman yan\u0131n\u0131zday\u0131z.<\/p>\n<ul data-start=\"2123\" data-end=\"2231\">\n<li data-start=\"2123\" data-end=\"2157\">\n<p data-start=\"2125\" data-end=\"2157\">Kurulum ve devreye alma<\/p>\n<\/li>\n<li data-start=\"2158\" data-end=\"2193\">\n<p data-start=\"2160\" data-end=\"2193\">Bak\u0131m ve onar\u0131m hizmetleri<\/p>\n<\/li>\n<li data-start=\"2194\" data-end=\"2231\">\n<p data-start=\"2196\" data-end=\"2231\">Teknik servis ve dan\u0131\u015fmanl\u0131k<\/p>\n<\/li>\n<\/ul>\n\n\t\t<\/div>\n\t<\/div>\n<\/div><\/div><\/div>\n<\/section>","protected":false},"excerpt":{"rendered":"As Yast\u0131 Selim Makine, we provide custom machinery manufacturing and automation solutions for the food, paint, and artificial leather industries. With our machines designed to accelerate production processes, increase efficiency, and ensure long service life, we add value to the industrial sector. Food Industry Machinery Manufacturing We design and manufacture machines that comply with food [...]","protected":false},"author":1,"featured_media":0,"parent":0,"menu_order":0,"comment_status":"closed","ping_status":"closed","template":"","meta":{"footnotes":""},"class_list":["post-3076","page","type-page","status-publish","hentry"],"_links":{"self":[{"href":"https:\/\/www.yastiselim.com.tr\/tr\/wp-json\/wp\/v2\/pages\/3076","targetHints":{"allow":["GET"]}}],"collection":[{"href":"https:\/\/www.yastiselim.com.tr\/tr\/wp-json\/wp\/v2\/pages"}],"about":[{"href":"https:\/\/www.yastiselim.com.tr\/tr\/wp-json\/wp\/v2\/types\/page"}],"author":[{"embeddable":true,"href":"https:\/\/www.yastiselim.com.tr\/tr\/wp-json\/wp\/v2\/users\/1"}],"replies":[{"embeddable":true,"href":"https:\/\/www.yastiselim.com.tr\/tr\/wp-json\/wp\/v2\/comments?post=3076"}],"version-history":[{"count":4,"href":"https:\/\/www.yastiselim.com.tr\/tr\/wp-json\/wp\/v2\/pages\/3076\/revisions"}],"predecessor-version":[{"id":3095,"href":"https:\/\/www.yastiselim.com.tr\/tr\/wp-json\/wp\/v2\/pages\/3076\/revisions\/3095"}],"wp:attachment":[{"href":"https:\/\/www.yastiselim.com.tr\/tr\/wp-json\/wp\/v2\/media?parent=3076"}],"curies":[{"name":"wp","href":"https:\/\/api.w.org\/{rel}","templated":true}]}}