{"id":58,"date":"2016-06-13T16:11:07","date_gmt":"2016-06-13T16:11:07","guid":{"rendered":"http:\/\/sw-themes.com\/porto_dummy\/?page_id=58"},"modified":"2026-01-04T11:54:25","modified_gmt":"2026-01-04T11:54:25","slug":"about-us","status":"publish","type":"page","link":"https:\/\/www.yastiselim.com.tr\/tr\/about-us\/","title":{"rendered":"HAKKIMIZDA"},"content":{"rendered":"<section class=\"wpb-content-wrapper\"><div class=\"vc_row wpb_row row top-row\"><div class=\"vc_column_container col-md-6\"><div class=\"wpb_wrapper vc_column-inner\">\n\t<div class=\"wpb_text_column wpb_content_element\" >\n\t\t<div class=\"wpb_wrapper\">\n\t\t\t<p style=\"text-align: justify;\" data-start=\"48\" data-end=\"445\">Yast\u0131 Selim Makine, g\u0131da ve sanayi sekt\u00f6rlerine y\u00f6nelik \u00f6zel makine imalat\u0131 alan\u0131nda faaliyet g\u00f6steren, \u00e7\u00f6z\u00fcm odakl\u0131 bir \u00fcretim firmas\u0131d\u0131r. G\u0131da sanayi \u00fcretim kazanlar\u0131, paketleme, etiketleme ve kapaklama makinelerinden; boya ve suni deri sanayisine \u00f6zel kar\u0131\u015ft\u0131r\u0131c\u0131 kazanlar, mikserler ve ezme silindirlerine kadar geni\u015f bir alanda makine \u00fcretimi ger\u00e7ekle\u015ftirmekteyiz.<\/p>\n<p style=\"text-align: justify;\" data-start=\"447\" data-end=\"730\">\u00dcretimini yapt\u0131\u011f\u0131m\u0131z t\u00fcm makinelerde; dayan\u0131kl\u0131l\u0131k, verimlilik ve uzun \u00f6m\u00fcrl\u00fc kullan\u0131m \u00f6n planda tutulur. G\u0131da ve sanayi \u00fcr\u00fcnlerinin kurutulmas\u0131, nemin al\u0131nmas\u0131 ve \u00fcretim s\u00fcre\u00e7lerinin optimize edilmesine y\u00f6nelik sistemlerimizle, firmalar\u0131n \u00fcretim kapasitesini art\u0131rmay\u0131 hedefleriz.<\/p>\n<p style=\"text-align: justify;\" data-start=\"732\" data-end=\"1059\">Yast\u0131 Selim Makine olarak her projeye \u00f6zel \u00e7\u00f6z\u00fcmler sunar, m\u00fc\u015fteri ihtiya\u00e7lar\u0131n\u0131 dikkatle analiz ederek en uygun makine tasar\u0131mlar\u0131n\u0131 hayata ge\u00e7iririz. Tecr\u00fcbemiz, teknik bilgi birikimimiz ve titiz \u00fcretim anlay\u0131\u015f\u0131m\u0131z sayesinde, sanayinin farkl\u0131 alanlar\u0131nda g\u00fcvenilir bir \u00e7\u00f6z\u00fcm orta\u011f\u0131 olmay\u0131 s\u00fcrd\u00fcr\u00fcyoruz.<\/p>\n<p style=\"text-align: justify;\" data-start=\"1061\" data-end=\"1216\">Amac\u0131m\u0131z; kaliteli \u00fcretim anlay\u0131\u015f\u0131m\u0131zla, m\u00fc\u015fterilerimizin i\u015f s\u00fcre\u00e7lerine de\u011fer katmak ve s\u00fcrd\u00fcr\u00fclebilir, g\u00fc\u00e7l\u00fc \u00e7\u00f6z\u00fcmler sunmakt\u0131r.<\/p>\n\n\t\t<\/div>\n\t<\/div>\n<\/div><\/div><div class=\"vc_column_container col-md-6\"><div class=\"wpb_wrapper vc_column-inner\">\r\n\t<div class=\"wpb_single_image wpb_content_element vc_align_left\">\r\n\t\t<div class=\"wpb_wrapper\">\r\n\t\t\t\r\n\t\t\t<div class=\"vc_single_image-wrapper vc_box_shadow_border  vc_box_border_grey\"><img loading=\"lazy\" decoding=\"async\" width=\"1100\" height=\"830\" src=\"https:\/\/www.yastiselim.com.tr\/wp-content\/uploads\/2026\/01\/hakkimizda.jpg\" class=\"vc_single_image-img attachment-full\" alt=\"\" title=\"\" \/><\/div>\r\n\t\t<\/div>\r\n\t<\/div>\r\n<\/div><\/div><\/div>\n<\/section>","protected":false},"excerpt":{"rendered":"Yast\u0131 Selim Makine is a solution-oriented manufacturing company operating in the field of custom machinery production for the food and industrial sectors. We manufacture a wide range of machines, from food industry production boilers, packaging, labeling, and capping machines to mixing tanks, mixers, and crushing rollers designed specifically for the paint and artificial leather industries. [...]","protected":false},"author":1,"featured_media":0,"parent":0,"menu_order":0,"comment_status":"closed","ping_status":"closed","template":"","meta":{"footnotes":""},"class_list":["post-58","page","type-page","status-publish","hentry"],"_links":{"self":[{"href":"https:\/\/www.yastiselim.com.tr\/tr\/wp-json\/wp\/v2\/pages\/58","targetHints":{"allow":["GET"]}}],"collection":[{"href":"https:\/\/www.yastiselim.com.tr\/tr\/wp-json\/wp\/v2\/pages"}],"about":[{"href":"https:\/\/www.yastiselim.com.tr\/tr\/wp-json\/wp\/v2\/types\/page"}],"author":[{"embeddable":true,"href":"https:\/\/www.yastiselim.com.tr\/tr\/wp-json\/wp\/v2\/users\/1"}],"replies":[{"embeddable":true,"href":"https:\/\/www.yastiselim.com.tr\/tr\/wp-json\/wp\/v2\/comments?post=58"}],"version-history":[{"count":19,"href":"https:\/\/www.yastiselim.com.tr\/tr\/wp-json\/wp\/v2\/pages\/58\/revisions"}],"predecessor-version":[{"id":3088,"href":"https:\/\/www.yastiselim.com.tr\/tr\/wp-json\/wp\/v2\/pages\/58\/revisions\/3088"}],"wp:attachment":[{"href":"https:\/\/www.yastiselim.com.tr\/tr\/wp-json\/wp\/v2\/media?parent=58"}],"curies":[{"name":"wp","href":"https:\/\/api.w.org\/{rel}","templated":true}]}}